{"id":7299,"date":"2022-10-25T18:07:51","date_gmt":"2022-10-25T16:07:51","guid":{"rendered":"https:\/\/www.vorumaa.eu\/?page_id=7299"},"modified":"2022-10-25T18:07:51","modified_gmt":"2022-10-25T16:07:51","slug":"vorumaa-kogujate-klubi","status":"publish","type":"page","link":"https:\/\/www.vorumaa.eu\/en\/projektid\/vorumaa-kogujate-klubi\/","title":{"rendered":"V\u00f5rumaa Kogujate Klubi"},"content":{"rendered":"<p>V\u00f5rumaa Kogujate Klubi on v\u00e4ike klubiline seltskond\/kogukond, kes armastab midagi koguda.<\/p>\n<p><strong>Meid leiab:<\/strong><\/p>\n<ul>\n<li>Facebooki leht: <a href=\"https:\/\/www.facebook.com\/kogujad\">https:\/\/www.facebook.com\/kogujad<\/a><\/li>\n<li>Facebooki grupp: <a href=\"https:\/\/www.facebook.com\/groups\/kogujad\">https:\/\/www.facebook.com\/groups\/kogujad<\/a><\/li>\n<\/ul>\n","protected":false},"excerpt":{"rendered":"<p>V\u00f5rumaa Kogujate Klubi on v\u00e4ike klubiline seltskond\/kogukond, kes armastab midagi koguda. Meid leiab: Facebooki leht: https:\/\/www.facebook.com\/kogujad Facebooki&#8230;<\/p>\n","protected":false},"author":3,"featured_media":0,"parent":344,"menu_order":0,"comment_status":"closed","ping_status":"closed","template":"","meta":{"footnotes":""},"class_list":["post-7299","page","type-page","status-publish","hentry"],"yoast_head":"<!-- This site is optimized with the Yoast SEO plugin v27.3 - https:\/\/yoast.com\/product\/yoast-seo-wordpress\/ -->\n<title>V\u00f5rumaa Kogujate Klubi - V\u00f5rumaa S\u00f5prade Selts MT\u00dc - The Society of Friends of V\u00f5rumaa<\/title>\n<meta name=\"robots\" content=\"index, follow, max-snippet:-1, max-image-preview:large, max-video-preview:-1\" \/>\n<link rel=\"canonical\" href=\"https:\/\/www.vorumaa.eu\/en\/projektid\/vorumaa-kogujate-klubi\/\" \/>\n<meta property=\"og:locale\" content=\"en_US\" \/>\n<meta property=\"og:locale:alternate\" content=\"et\" \/>\n<meta property=\"og:type\" content=\"article\" \/>\n<meta property=\"og:title\" content=\"V\u00f5rumaa Kogujate Klubi - V\u00f5rumaa S\u00f5prade Selts MT\u00dc - The Society of Friends of V\u00f5rumaa\" \/>\n<meta property=\"og:description\" content=\"V\u00f5rumaa Kogujate Klubi on v\u00e4ike klubiline seltskond\/kogukond, kes armastab midagi koguda. Meid leiab: Facebooki leht: https:\/\/www.facebook.com\/kogujad Facebooki...\" \/>\n<meta property=\"og:url\" content=\"https:\/\/www.vorumaa.eu\/en\/projektid\/vorumaa-kogujate-klubi\/\" \/>\n<meta property=\"og:site_name\" content=\"V\u00f5rumaa S\u00f5prade Selts MT\u00dc - The Society of Friends of V\u00f5rumaa\" \/>\n<meta property=\"article:publisher\" content=\"https:\/\/www.facebook.com\/vorumaaselts\" \/>\n<meta name=\"twitter:card\" content=\"summary_large_image\" \/>\n<meta name=\"twitter:site\" content=\"@vorumaaselts\" \/>\n<script type=\"application\/ld+json\" class=\"yoast-schema-graph\">{\"@context\":\"https:\\\/\\\/schema.org\",\"@graph\":[{\"@type\":\"WebPage\",\"@id\":\"https:\\\/\\\/www.vorumaa.eu\\\/projektid\\\/vorumaa-kogujate-klubi\\\/\",\"url\":\"https:\\\/\\\/www.vorumaa.eu\\\/projektid\\\/vorumaa-kogujate-klubi\\\/\",\"name\":\"V\u00f5rumaa Kogujate Klubi - V\u00f5rumaa S\u00f5prade Selts MT\u00dc - The Society of Friends of V\u00f5rumaa\",\"isPartOf\":{\"@id\":\"https:\\\/\\\/www.vorumaa.eu\\\/#website\"},\"datePublished\":\"2022-10-25T16:07:51+00:00\",\"breadcrumb\":{\"@id\":\"https:\\\/\\\/www.vorumaa.eu\\\/projektid\\\/vorumaa-kogujate-klubi\\\/#breadcrumb\"},\"inLanguage\":\"en-US\",\"potentialAction\":[{\"@type\":\"ReadAction\",\"target\":[\"https:\\\/\\\/www.vorumaa.eu\\\/projektid\\\/vorumaa-kogujate-klubi\\\/\"]}]},{\"@type\":\"BreadcrumbList\",\"@id\":\"https:\\\/\\\/www.vorumaa.eu\\\/projektid\\\/vorumaa-kogujate-klubi\\\/#breadcrumb\",\"itemListElement\":[{\"@type\":\"ListItem\",\"position\":1,\"name\":\"Home\",\"item\":\"https:\\\/\\\/www.vorumaa.eu\\\/\"},{\"@type\":\"ListItem\",\"position\":2,\"name\":\"Projektid\",\"item\":\"https:\\\/\\\/www.vorumaa.eu\\\/projektid\\\/\"},{\"@type\":\"ListItem\",\"position\":3,\"name\":\"V\u00f5rumaa Kogujate Klubi\"}]},{\"@type\":\"WebSite\",\"@id\":\"https:\\\/\\\/www.vorumaa.eu\\\/#website\",\"url\":\"https:\\\/\\\/www.vorumaa.eu\\\/\",\"name\":\"V\u00f5rumaa S\u00f5prade Selts MT\u00dc - The Society of Friends of V\u00f5rumaa\",\"description\":\"Neile, kel hinges on V\u00f5rumaa...\",\"publisher\":{\"@id\":\"https:\\\/\\\/www.vorumaa.eu\\\/#organization\"},\"potentialAction\":[{\"@type\":\"SearchAction\",\"target\":{\"@type\":\"EntryPoint\",\"urlTemplate\":\"https:\\\/\\\/www.vorumaa.eu\\\/?s={search_term_string}\"},\"query-input\":{\"@type\":\"PropertyValueSpecification\",\"valueRequired\":true,\"valueName\":\"search_term_string\"}}],\"inLanguage\":\"en-US\"},{\"@type\":\"Organization\",\"@id\":\"https:\\\/\\\/www.vorumaa.eu\\\/#organization\",\"name\":\"V\u00f5rumaa S\u00f5prade Selts MT\u00dc - The Society of Friends of V\u00f5rumaa\",\"url\":\"https:\\\/\\\/www.vorumaa.eu\\\/\",\"logo\":{\"@type\":\"ImageObject\",\"inLanguage\":\"en-US\",\"@id\":\"https:\\\/\\\/www.vorumaa.eu\\\/#\\\/schema\\\/logo\\\/image\\\/\",\"url\":\"https:\\\/\\\/www.vorumaa.eu\\\/wp-content\\\/uploads\\\/2021\\\/12\\\/cropped-VSS-TEMPEL-ROHELINE-KARUGA-11.12.2021.jpg\",\"contentUrl\":\"https:\\\/\\\/www.vorumaa.eu\\\/wp-content\\\/uploads\\\/2021\\\/12\\\/cropped-VSS-TEMPEL-ROHELINE-KARUGA-11.12.2021.jpg\",\"width\":512,\"height\":512,\"caption\":\"V\u00f5rumaa S\u00f5prade Selts MT\u00dc - The Society of Friends of V\u00f5rumaa\"},\"image\":{\"@id\":\"https:\\\/\\\/www.vorumaa.eu\\\/#\\\/schema\\\/logo\\\/image\\\/\"},\"sameAs\":[\"https:\\\/\\\/www.facebook.com\\\/vorumaaselts\",\"https:\\\/\\\/x.com\\\/vorumaaselts\",\"https:\\\/\\\/www.instagram.com\\\/vorumaaselts\"]}]}<\/script>\n<!-- \/ Yoast SEO plugin. -->","yoast_head_json":{"title":"V\u00f5rumaa Kogujate Klubi - V\u00f5rumaa S\u00f5prade Selts MT\u00dc - The Society of Friends of V\u00f5rumaa","robots":{"index":"index","follow":"follow","max-snippet":"max-snippet:-1","max-image-preview":"max-image-preview:large","max-video-preview":"max-video-preview:-1"},"canonical":"https:\/\/www.vorumaa.eu\/en\/projektid\/vorumaa-kogujate-klubi\/","og_locale":"en_US","og_type":"article","og_title":"V\u00f5rumaa Kogujate Klubi - V\u00f5rumaa S\u00f5prade Selts MT\u00dc - The Society of Friends of V\u00f5rumaa","og_description":"V\u00f5rumaa Kogujate Klubi on v\u00e4ike klubiline seltskond\/kogukond, kes armastab midagi koguda. Meid leiab: Facebooki leht: https:\/\/www.facebook.com\/kogujad Facebooki...","og_url":"https:\/\/www.vorumaa.eu\/en\/projektid\/vorumaa-kogujate-klubi\/","og_site_name":"V\u00f5rumaa S\u00f5prade Selts MT\u00dc - The Society of Friends of V\u00f5rumaa","article_publisher":"https:\/\/www.facebook.com\/vorumaaselts","twitter_card":"summary_large_image","twitter_site":"@vorumaaselts","schema":{"@context":"https:\/\/schema.org","@graph":[{"@type":"WebPage","@id":"https:\/\/www.vorumaa.eu\/projektid\/vorumaa-kogujate-klubi\/","url":"https:\/\/www.vorumaa.eu\/projektid\/vorumaa-kogujate-klubi\/","name":"V\u00f5rumaa Kogujate Klubi - V\u00f5rumaa S\u00f5prade Selts MT\u00dc - The Society of Friends of V\u00f5rumaa","isPartOf":{"@id":"https:\/\/www.vorumaa.eu\/#website"},"datePublished":"2022-10-25T16:07:51+00:00","breadcrumb":{"@id":"https:\/\/www.vorumaa.eu\/projektid\/vorumaa-kogujate-klubi\/#breadcrumb"},"inLanguage":"en-US","potentialAction":[{"@type":"ReadAction","target":["https:\/\/www.vorumaa.eu\/projektid\/vorumaa-kogujate-klubi\/"]}]},{"@type":"BreadcrumbList","@id":"https:\/\/www.vorumaa.eu\/projektid\/vorumaa-kogujate-klubi\/#breadcrumb","itemListElement":[{"@type":"ListItem","position":1,"name":"Home","item":"https:\/\/www.vorumaa.eu\/"},{"@type":"ListItem","position":2,"name":"Projektid","item":"https:\/\/www.vorumaa.eu\/projektid\/"},{"@type":"ListItem","position":3,"name":"V\u00f5rumaa Kogujate Klubi"}]},{"@type":"WebSite","@id":"https:\/\/www.vorumaa.eu\/#website","url":"https:\/\/www.vorumaa.eu\/","name":"V\u00f5rumaa S\u00f5prade Selts MT\u00dc - The Society of Friends of V\u00f5rumaa","description":"Neile, kel hinges on V\u00f5rumaa...","publisher":{"@id":"https:\/\/www.vorumaa.eu\/#organization"},"potentialAction":[{"@type":"SearchAction","target":{"@type":"EntryPoint","urlTemplate":"https:\/\/www.vorumaa.eu\/?s={search_term_string}"},"query-input":{"@type":"PropertyValueSpecification","valueRequired":true,"valueName":"search_term_string"}}],"inLanguage":"en-US"},{"@type":"Organization","@id":"https:\/\/www.vorumaa.eu\/#organization","name":"V\u00f5rumaa S\u00f5prade Selts MT\u00dc - The Society of Friends of V\u00f5rumaa","url":"https:\/\/www.vorumaa.eu\/","logo":{"@type":"ImageObject","inLanguage":"en-US","@id":"https:\/\/www.vorumaa.eu\/#\/schema\/logo\/image\/","url":"https:\/\/www.vorumaa.eu\/wp-content\/uploads\/2021\/12\/cropped-VSS-TEMPEL-ROHELINE-KARUGA-11.12.2021.jpg","contentUrl":"https:\/\/www.vorumaa.eu\/wp-content\/uploads\/2021\/12\/cropped-VSS-TEMPEL-ROHELINE-KARUGA-11.12.2021.jpg","width":512,"height":512,"caption":"V\u00f5rumaa S\u00f5prade Selts MT\u00dc - The Society of Friends of V\u00f5rumaa"},"image":{"@id":"https:\/\/www.vorumaa.eu\/#\/schema\/logo\/image\/"},"sameAs":["https:\/\/www.facebook.com\/vorumaaselts","https:\/\/x.com\/vorumaaselts","https:\/\/www.instagram.com\/vorumaaselts"]}]}},"_links":{"self":[{"href":"https:\/\/www.vorumaa.eu\/en\/wp-json\/wp\/v2\/pages\/7299","targetHints":{"allow":["GET"]}}],"collection":[{"href":"https:\/\/www.vorumaa.eu\/en\/wp-json\/wp\/v2\/pages"}],"about":[{"href":"https:\/\/www.vorumaa.eu\/en\/wp-json\/wp\/v2\/types\/page"}],"author":[{"embeddable":true,"href":"https:\/\/www.vorumaa.eu\/en\/wp-json\/wp\/v2\/users\/3"}],"replies":[{"embeddable":true,"href":"https:\/\/www.vorumaa.eu\/en\/wp-json\/wp\/v2\/comments?post=7299"}],"version-history":[{"count":1,"href":"https:\/\/www.vorumaa.eu\/en\/wp-json\/wp\/v2\/pages\/7299\/revisions"}],"predecessor-version":[{"id":7300,"href":"https:\/\/www.vorumaa.eu\/en\/wp-json\/wp\/v2\/pages\/7299\/revisions\/7300"}],"up":[{"embeddable":true,"href":"https:\/\/www.vorumaa.eu\/en\/wp-json\/wp\/v2\/pages\/344"}],"wp:attachment":[{"href":"https:\/\/www.vorumaa.eu\/en\/wp-json\/wp\/v2\/media?parent=7299"}],"curies":[{"name":"wp","href":"https:\/\/api.w.org\/{rel}","templated":true}]}}