{"id":1946,"date":"2021-11-09T01:59:24","date_gmt":"2021-11-08T23:59:24","guid":{"rendered":"https:\/\/www.vorumaa.eu\/?page_id=1946"},"modified":"2021-11-28T19:40:05","modified_gmt":"2021-11-28T17:40:05","slug":"keskkonnaprobleemide-teadvustamine","status":"publish","type":"page","link":"https:\/\/www.vorumaa.eu\/en\/projektid\/keskkonnaprobleemide-teadvustamine\/","title":{"rendered":"Keskkonnaprobleemide teadvustamine"},"content":{"rendered":"<p><strong>\u00c4ra viska pr\u00fcgi maha.<\/strong><\/p>\n<p><strong><span style=\"font-size: 36pt; color: #ff0000;\">P\u00e4riselt ka!<\/span><\/strong><\/p>\n<p><strong>Me ju tahame, et keskkond meie \u00fcmber oleks puhas!?<\/strong><\/p>\n<p><span style=\"color: #ff0000; font-size: 36pt;\"><strong>V\u00f5i sa ei taha?<\/strong><\/span><\/p>\n<h2 class=\"wsite-content-title\">MILLISED ON P\u00d5HILISED KESKKONNAPROBLEEMID EESTIS?<\/h2>\n<ul>\n<li>M\u00f5nes Eesti asulas veetakse elanikele joogivett teistest piirkondadest, kuna kohalik p\u00f5hjavesi on tarvitamiseks k\u00f5lbmatu.<\/li>\n<li>Probleemiks v\u00f5ib pidada ka toiduainete saastatust, olgugi et mineraalv\u00e4etiste kasutamine on viimase 10-15 aasta jooksul tublisti v\u00e4henenud.<\/li>\n<\/ul>\n<p align=\"left\"><strong>Prioriteetsed keskkonnaprobleemid Eestis\u00a0on:<\/strong><\/p>\n<ul dir=\"ltr\">\n<li style=\"list-style-type: none;\">\n<ul>\n<li style=\"list-style-type: none;\">\n<ul>\n<li>\n<div align=\"left\">v\u00e4lis\u00f5hu saastamine ja<strong> \u00f5hu saastatus linnades<\/strong>, mis negatiivselt m\u00f5jutab inimeste tervist, \u00f6kos\u00fcsteeme ja ehitisi;<\/div>\n<\/li>\n<li>\n<div align=\"left\">t\u00f6\u00f6stus-, p\u00f5llumajandus- ja militaarobjektide <strong>j\u00e4\u00e4kreostus<\/strong>, mis ohustab p\u00f5hja- ja pinnavett, ning rikutud maastikud;<\/div>\n<\/li>\n<li>\n<div align=\"left\"><strong>p\u00f5hjaveevarude ebaratsionaalsest kasutamise<\/strong>st ja saastamisest tingitud p\u00f5hjavee kvaliteedi ja kvantiteedi langus;<\/div>\n<\/li>\n<li>\n<div align=\"left\"><strong>veekogude<\/strong> ebaratsionaalne kasutamine, reostamine ja eutrofeerumine, vee-elustiku, sealhulgas kalavarude taastootmise ja kvaliteedi langus;<\/div>\n<\/li>\n<li>\n<div align=\"left\">keskkonna saastamine j\u00e4\u00e4tmetega; <strong>j\u00e4\u00e4tmetega kaetud alade kasv<\/strong>, j\u00e4\u00e4tmek\u00e4itluse, sealhulgas ohtlike j\u00e4\u00e4tmete k\u00e4itluse korrastamatus;<\/div>\n<\/li>\n<li>\n<div align=\"left\">elustiku ja maastike mitmekesisuse, sealhulgas \u00f6kov\u00f5rgustiku, <strong>kaitsealade<\/strong>, <strong>liikide<\/strong> ja \u00fcksikobjektide <strong>ohustatus<\/strong>, mis tuleneb majandustegevusest ja maa omandireformist;<\/div>\n<\/li>\n<li>\n<div align=\"left\">tehiskeskkonna ebapiisav vastavus s\u00e4\u00e4stva arengu ja tervisekaitse p\u00f5him\u00f5tetele<\/div>\n<\/li>\n<\/ul>\n<\/li>\n<\/ul>\n<\/li>\n<\/ul>\n<div class=\"epyt-video-wrapper\">\n<div  style=\"display: block; margin: 0px auto;\"  id=\"_ytid_55909\"  width=\"800\" height=\"450\"  data-origwidth=\"800\" data-origheight=\"450\" data-facadesrc=\"https:\/\/www.youtube.com\/embed\/UuTNhuR2gTA?enablejsapi=1&#038;autoplay=0&#038;cc_load_policy=1&#038;cc_lang_pref=et&#038;iv_load_policy=1&#038;loop=1&#038;playlist=UuTNhuR2gTA&#038;rel=1&#038;fs=1&#038;playsinline=1&#038;autohide=2&#038;hl=en_US&#038;theme=dark&#038;color=red&#038;controls=1&#038;disablekb=0&#038;\" class=\"__youtube_prefs__ epyt-facade epyt-is-override  no-lazyload\" data-vol=\"50\"  data-epautoplay=\"1\" ><img decoding=\"async\" data-spai-excluded=\"true\" class=\"epyt-facade-poster skip-lazy\" loading=\"lazy\"  alt=\"Teadlane teab: Kuidas m\u00f5jub pr\u00fcgi loodusele? (Mihkel Kangur)\"  src=\"https:\/\/i.ytimg.com\/vi\/UuTNhuR2gTA\/maxresdefault.jpg\"  \/><button class=\"epyt-facade-play\" aria-label=\"Play\"><svg data-no-lazy=\"1\" height=\"100%\" version=\"1.1\" viewBox=\"0 0 68 48\" width=\"100%\"><path class=\"ytp-large-play-button-bg\" d=\"M66.52,7.74c-0.78-2.93-2.49-5.41-5.42-6.19C55.79,.13,34,0,34,0S12.21,.13,6.9,1.55 C3.97,2.33,2.27,4.81,1.48,7.74C0.06,13.05,0,24,0,24s0.06,10.95,1.48,16.26c0.78,2.93,2.49,5.41,5.42,6.19 C12.21,47.87,34,48,34,48s21.79-0.13,27.1-1.55c2.93-0.78,4.64-3.26,5.42-6.19C67.94,34.95,68,24,68,24S67.94,13.05,66.52,7.74z\" fill=\"#f00\"><\/path><path d=\"M 45,24 27,14 27,34\" fill=\"#fff\"><\/path><\/svg><\/button><\/div>\n<\/div>\n<header class=\"entry-header ast-no-thumbnail ast-no-meta\">\n<h1 class=\"entry-title\">Kuhu pr\u00fcgi panna?!<\/h1>\n<p><span style=\"font-size: 24pt; color: #ff0000;\"><strong>No t\u00f5esti, \u00e4ra viska pr\u00fcgi maha, leia l\u00e4him pr\u00fcgikast!<\/strong><\/span><\/p>\n<\/header>\n<div class=\"entry-content clear\">\n<p><a href=\"https:\/\/kuhuviia.ee\/\"><img loading=\"lazy\" decoding=\"async\" class=\"alignnone wp-image-1953 \" src=\"https:\/\/www.vorumaa.eu\/wp-content\/uploads\/2021\/11\/Kuhuviia-Logo-Final-Color12.png\" alt=\"\" width=\"181\" height=\"219\" \/><\/a><\/p>\n<p>&nbsp;<\/p>\n<p><img loading=\"lazy\" decoding=\"async\" class=\"alignnone size-full wp-image-1960\" src=\"https:\/\/www.vorumaa.eu\/wp-content\/uploads\/2021\/11\/Liigiti-kogumise-juhised-2A4-bio-vanapaber-sega.jpg\" alt=\"\" width=\"1250\" height=\"1767\" srcset=\"https:\/\/www.vorumaa.eu\/wp-content\/uploads\/2021\/11\/Liigiti-kogumise-juhised-2A4-bio-vanapaber-sega.jpg 1250w, https:\/\/www.vorumaa.eu\/wp-content\/uploads\/2021\/11\/Liigiti-kogumise-juhised-2A4-bio-vanapaber-sega-212x300.jpg 212w, https:\/\/www.vorumaa.eu\/wp-content\/uploads\/2021\/11\/Liigiti-kogumise-juhised-2A4-bio-vanapaber-sega-724x1024.jpg 724w, https:\/\/www.vorumaa.eu\/wp-content\/uploads\/2021\/11\/Liigiti-kogumise-juhised-2A4-bio-vanapaber-sega-768x1086.jpg 768w, https:\/\/www.vorumaa.eu\/wp-content\/uploads\/2021\/11\/Liigiti-kogumise-juhised-2A4-bio-vanapaber-sega-1087x1536.jpg 1087w, https:\/\/www.vorumaa.eu\/wp-content\/uploads\/2021\/11\/Liigiti-kogumise-juhised-2A4-bio-vanapaber-sega-1218x1722.jpg 1218w, https:\/\/www.vorumaa.eu\/wp-content\/uploads\/2021\/11\/Liigiti-kogumise-juhised-2A4-bio-vanapaber-sega-680x961.jpg 680w, https:\/\/www.vorumaa.eu\/wp-content\/uploads\/2021\/11\/Liigiti-kogumise-juhised-2A4-bio-vanapaber-sega-480x679.jpg 480w\" sizes=\"auto, (max-width: 1250px) 100vw, 1250px\" \/><\/p>\n<p><img loading=\"lazy\" decoding=\"async\" class=\"alignnone size-full wp-image-1961\" src=\"https:\/\/www.vorumaa.eu\/wp-content\/uploads\/2021\/11\/Liigiti-kogumise-juhised-2A4-pakendid.jpg\" alt=\"\" width=\"1250\" height=\"1767\" srcset=\"https:\/\/www.vorumaa.eu\/wp-content\/uploads\/2021\/11\/Liigiti-kogumise-juhised-2A4-pakendid.jpg 1250w, https:\/\/www.vorumaa.eu\/wp-content\/uploads\/2021\/11\/Liigiti-kogumise-juhised-2A4-pakendid-212x300.jpg 212w, https:\/\/www.vorumaa.eu\/wp-content\/uploads\/2021\/11\/Liigiti-kogumise-juhised-2A4-pakendid-724x1024.jpg 724w, https:\/\/www.vorumaa.eu\/wp-content\/uploads\/2021\/11\/Liigiti-kogumise-juhised-2A4-pakendid-768x1086.jpg 768w, https:\/\/www.vorumaa.eu\/wp-content\/uploads\/2021\/11\/Liigiti-kogumise-juhised-2A4-pakendid-1087x1536.jpg 1087w, https:\/\/www.vorumaa.eu\/wp-content\/uploads\/2021\/11\/Liigiti-kogumise-juhised-2A4-pakendid-1218x1722.jpg 1218w, https:\/\/www.vorumaa.eu\/wp-content\/uploads\/2021\/11\/Liigiti-kogumise-juhised-2A4-pakendid-680x961.jpg 680w, https:\/\/www.vorumaa.eu\/wp-content\/uploads\/2021\/11\/Liigiti-kogumise-juhised-2A4-pakendid-480x679.jpg 480w\" sizes=\"auto, (max-width: 1250px) 100vw, 1250px\" \/><\/p>\n<p><img loading=\"lazy\" decoding=\"async\" class=\"alignnone size-full wp-image-1962\" src=\"https:\/\/www.vorumaa.eu\/wp-content\/uploads\/2021\/11\/RS-sorteerimisjuhend_koju-2_large.jpg\" alt=\"\" width=\"1280\" height=\"889\" srcset=\"https:\/\/www.vorumaa.eu\/wp-content\/uploads\/2021\/11\/RS-sorteerimisjuhend_koju-2_large.jpg 1280w, https:\/\/www.vorumaa.eu\/wp-content\/uploads\/2021\/11\/RS-sorteerimisjuhend_koju-2_large-300x208.jpg 300w, https:\/\/www.vorumaa.eu\/wp-content\/uploads\/2021\/11\/RS-sorteerimisjuhend_koju-2_large-1024x711.jpg 1024w, https:\/\/www.vorumaa.eu\/wp-content\/uploads\/2021\/11\/RS-sorteerimisjuhend_koju-2_large-768x533.jpg 768w, https:\/\/www.vorumaa.eu\/wp-content\/uploads\/2021\/11\/RS-sorteerimisjuhend_koju-2_large-1218x846.jpg 1218w, https:\/\/www.vorumaa.eu\/wp-content\/uploads\/2021\/11\/RS-sorteerimisjuhend_koju-2_large-680x472.jpg 680w, https:\/\/www.vorumaa.eu\/wp-content\/uploads\/2021\/11\/RS-sorteerimisjuhend_koju-2_large-480x333.jpg 480w\" sizes=\"auto, (max-width: 1280px) 100vw, 1280px\" \/><\/p>\n<p>&nbsp;<\/p>\n<\/div>\n<h1 class=\"entry-title\">Kuidas saad sina aidata, siis kui juba pr\u00fcgi on maha visatud?<\/h1>\n<p><span style=\"color: #ff0000;\"><strong><span style=\"font-size: 24pt;\">T\u00f5sta \u00fcles ja viska pr\u00fcgikasti!<\/span><\/strong><\/span><\/p>\n<p>&nbsp;<\/p>\n<p><a href=\"https:\/\/teemeara.ee\/\"><img loading=\"lazy\" decoding=\"async\" class=\"alignnone wp-image-1952 size-medium\" src=\"https:\/\/www.vorumaa.eu\/wp-content\/uploads\/2021\/11\/teeme_ara_logo-1-300x139.jpg\" alt=\"\" width=\"300\" height=\"139\" srcset=\"https:\/\/www.vorumaa.eu\/wp-content\/uploads\/2021\/11\/teeme_ara_logo-1-300x139.jpg 300w, https:\/\/www.vorumaa.eu\/wp-content\/uploads\/2021\/11\/teeme_ara_logo-1-1024x475.jpg 1024w, https:\/\/www.vorumaa.eu\/wp-content\/uploads\/2021\/11\/teeme_ara_logo-1-768x357.jpg 768w, https:\/\/www.vorumaa.eu\/wp-content\/uploads\/2021\/11\/teeme_ara_logo-1-1536x713.jpg 1536w, https:\/\/www.vorumaa.eu\/wp-content\/uploads\/2021\/11\/teeme_ara_logo-1-2048x951.jpg 2048w, https:\/\/www.vorumaa.eu\/wp-content\/uploads\/2021\/11\/teeme_ara_logo-1-1218x565.jpg 1218w, https:\/\/www.vorumaa.eu\/wp-content\/uploads\/2021\/11\/teeme_ara_logo-1-680x316.jpg 680w, https:\/\/www.vorumaa.eu\/wp-content\/uploads\/2021\/11\/teeme_ara_logo-1-480x223.jpg 480w\" sizes=\"auto, (max-width: 300px) 100vw, 300px\" \/><\/a>\u00a0\u00a0\u00a0\u00a0\u00a0\u00a0\u00a0\u00a0<a href=\"https:\/\/maailmakoristus.ee\/\"><img loading=\"lazy\" decoding=\"async\" class=\"alignnone wp-image-1954 size-medium\" src=\"https:\/\/www.vorumaa.eu\/wp-content\/uploads\/2021\/11\/WCD_2021_eesti-300x231.png\" alt=\"\" width=\"300\" height=\"231\" srcset=\"https:\/\/www.vorumaa.eu\/wp-content\/uploads\/2021\/11\/WCD_2021_eesti-300x231.png 300w, https:\/\/www.vorumaa.eu\/wp-content\/uploads\/2021\/11\/WCD_2021_eesti.png 458w\" sizes=\"auto, (max-width: 300px) 100vw, 300px\" \/><\/a><\/p>\n","protected":false},"excerpt":{"rendered":"<p>\u00c4ra viska pr\u00fcgi maha. P\u00e4riselt ka! Me ju tahame, et keskkond meie \u00fcmber oleks puhas!? V\u00f5i sa&#8230;<\/p>\n","protected":false},"author":3,"featured_media":0,"parent":344,"menu_order":0,"comment_status":"closed","ping_status":"closed","template":"","meta":{"footnotes":""},"class_list":["post-1946","page","type-page","status-publish","hentry"],"yoast_head":"<!-- This site is optimized with the Yoast SEO plugin v27.4 - https:\/\/yoast.com\/product\/yoast-seo-wordpress\/ -->\n<title>Keskkonnaprobleemide teadvustamine - V\u00f5rumaa S\u00f5prade Selts MT\u00dc - The Society of Friends of V\u00f5rumaa<\/title>\n<meta name=\"robots\" content=\"index, follow, max-snippet:-1, max-image-preview:large, max-video-preview:-1\" \/>\n<link rel=\"canonical\" href=\"https:\/\/www.vorumaa.eu\/en\/projektid\/keskkonnaprobleemide-teadvustamine\/\" \/>\n<meta property=\"og:locale\" content=\"en_US\" \/>\n<meta property=\"og:locale:alternate\" content=\"et\" \/>\n<meta property=\"og:type\" content=\"article\" \/>\n<meta property=\"og:title\" content=\"Keskkonnaprobleemide teadvustamine - V\u00f5rumaa S\u00f5prade Selts MT\u00dc - The Society of Friends of V\u00f5rumaa\" \/>\n<meta property=\"og:description\" content=\"\u00c4ra viska pr\u00fcgi maha. P\u00e4riselt ka! Me ju tahame, et keskkond meie \u00fcmber oleks puhas!? V\u00f5i sa...\" \/>\n<meta property=\"og:url\" content=\"https:\/\/www.vorumaa.eu\/en\/projektid\/keskkonnaprobleemide-teadvustamine\/\" \/>\n<meta property=\"og:site_name\" content=\"V\u00f5rumaa S\u00f5prade Selts MT\u00dc - The Society of Friends of V\u00f5rumaa\" \/>\n<meta property=\"article:publisher\" content=\"https:\/\/www.facebook.com\/vorumaaselts\" \/>\n<meta property=\"article:modified_time\" content=\"2021-11-28T17:40:05+00:00\" \/>\n<meta property=\"og:image\" content=\"https:\/\/www.vorumaa.eu\/wp-content\/uploads\/2021\/11\/Kuhuviia-Logo-Final-Color12.png\" \/>\n<meta name=\"twitter:card\" content=\"summary_large_image\" \/>\n<meta name=\"twitter:site\" content=\"@vorumaaselts\" \/>\n<meta name=\"twitter:label1\" content=\"Est. reading time\" \/>\n\t<meta name=\"twitter:data1\" content=\"2 minutes\" \/>\n<script type=\"application\/ld+json\" class=\"yoast-schema-graph\">{\"@context\":\"https:\\\/\\\/schema.org\",\"@graph\":[{\"@type\":\"WebPage\",\"@id\":\"https:\\\/\\\/www.vorumaa.eu\\\/projektid\\\/keskkonnaprobleemide-teadvustamine\\\/\",\"url\":\"https:\\\/\\\/www.vorumaa.eu\\\/projektid\\\/keskkonnaprobleemide-teadvustamine\\\/\",\"name\":\"Keskkonnaprobleemide teadvustamine - V\u00f5rumaa S\u00f5prade Selts MT\u00dc - The Society of Friends of V\u00f5rumaa\",\"isPartOf\":{\"@id\":\"https:\\\/\\\/www.vorumaa.eu\\\/#website\"},\"primaryImageOfPage\":{\"@id\":\"https:\\\/\\\/www.vorumaa.eu\\\/projektid\\\/keskkonnaprobleemide-teadvustamine\\\/#primaryimage\"},\"image\":{\"@id\":\"https:\\\/\\\/www.vorumaa.eu\\\/projektid\\\/keskkonnaprobleemide-teadvustamine\\\/#primaryimage\"},\"thumbnailUrl\":\"https:\\\/\\\/www.vorumaa.eu\\\/wp-content\\\/uploads\\\/2021\\\/11\\\/Kuhuviia-Logo-Final-Color12.png\",\"datePublished\":\"2021-11-08T23:59:24+00:00\",\"dateModified\":\"2021-11-28T17:40:05+00:00\",\"breadcrumb\":{\"@id\":\"https:\\\/\\\/www.vorumaa.eu\\\/projektid\\\/keskkonnaprobleemide-teadvustamine\\\/#breadcrumb\"},\"inLanguage\":\"en-US\",\"potentialAction\":[{\"@type\":\"ReadAction\",\"target\":[\"https:\\\/\\\/www.vorumaa.eu\\\/projektid\\\/keskkonnaprobleemide-teadvustamine\\\/\"]}]},{\"@type\":\"ImageObject\",\"inLanguage\":\"en-US\",\"@id\":\"https:\\\/\\\/www.vorumaa.eu\\\/projektid\\\/keskkonnaprobleemide-teadvustamine\\\/#primaryimage\",\"url\":\"https:\\\/\\\/www.vorumaa.eu\\\/wp-content\\\/uploads\\\/2021\\\/11\\\/Kuhuviia-Logo-Final-Color12.png\",\"contentUrl\":\"https:\\\/\\\/www.vorumaa.eu\\\/wp-content\\\/uploads\\\/2021\\\/11\\\/Kuhuviia-Logo-Final-Color12.png\"},{\"@type\":\"BreadcrumbList\",\"@id\":\"https:\\\/\\\/www.vorumaa.eu\\\/projektid\\\/keskkonnaprobleemide-teadvustamine\\\/#breadcrumb\",\"itemListElement\":[{\"@type\":\"ListItem\",\"position\":1,\"name\":\"Home\",\"item\":\"https:\\\/\\\/www.vorumaa.eu\\\/\"},{\"@type\":\"ListItem\",\"position\":2,\"name\":\"Projektid\",\"item\":\"https:\\\/\\\/www.vorumaa.eu\\\/projektid\\\/\"},{\"@type\":\"ListItem\",\"position\":3,\"name\":\"Keskkonnaprobleemide teadvustamine\"}]},{\"@type\":\"WebSite\",\"@id\":\"https:\\\/\\\/www.vorumaa.eu\\\/#website\",\"url\":\"https:\\\/\\\/www.vorumaa.eu\\\/\",\"name\":\"V\u00f5rumaa S\u00f5prade Selts MT\u00dc - The Society of Friends of V\u00f5rumaa\",\"description\":\"Neile, kel hinges on V\u00f5rumaa...\",\"publisher\":{\"@id\":\"https:\\\/\\\/www.vorumaa.eu\\\/#organization\"},\"potentialAction\":[{\"@type\":\"SearchAction\",\"target\":{\"@type\":\"EntryPoint\",\"urlTemplate\":\"https:\\\/\\\/www.vorumaa.eu\\\/?s={search_term_string}\"},\"query-input\":{\"@type\":\"PropertyValueSpecification\",\"valueRequired\":true,\"valueName\":\"search_term_string\"}}],\"inLanguage\":\"en-US\"},{\"@type\":\"Organization\",\"@id\":\"https:\\\/\\\/www.vorumaa.eu\\\/#organization\",\"name\":\"V\u00f5rumaa S\u00f5prade Selts MT\u00dc - The Society of Friends of V\u00f5rumaa\",\"url\":\"https:\\\/\\\/www.vorumaa.eu\\\/\",\"logo\":{\"@type\":\"ImageObject\",\"inLanguage\":\"en-US\",\"@id\":\"https:\\\/\\\/www.vorumaa.eu\\\/#\\\/schema\\\/logo\\\/image\\\/\",\"url\":\"https:\\\/\\\/www.vorumaa.eu\\\/wp-content\\\/uploads\\\/2021\\\/12\\\/cropped-VSS-TEMPEL-ROHELINE-KARUGA-11.12.2021.jpg\",\"contentUrl\":\"https:\\\/\\\/www.vorumaa.eu\\\/wp-content\\\/uploads\\\/2021\\\/12\\\/cropped-VSS-TEMPEL-ROHELINE-KARUGA-11.12.2021.jpg\",\"width\":512,\"height\":512,\"caption\":\"V\u00f5rumaa S\u00f5prade Selts MT\u00dc - The Society of Friends of V\u00f5rumaa\"},\"image\":{\"@id\":\"https:\\\/\\\/www.vorumaa.eu\\\/#\\\/schema\\\/logo\\\/image\\\/\"},\"sameAs\":[\"https:\\\/\\\/www.facebook.com\\\/vorumaaselts\",\"https:\\\/\\\/x.com\\\/vorumaaselts\",\"https:\\\/\\\/www.instagram.com\\\/vorumaaselts\"]}]}<\/script>\n<!-- \/ Yoast SEO plugin. -->","yoast_head_json":{"title":"Keskkonnaprobleemide teadvustamine - V\u00f5rumaa S\u00f5prade Selts MT\u00dc - The Society of Friends of V\u00f5rumaa","robots":{"index":"index","follow":"follow","max-snippet":"max-snippet:-1","max-image-preview":"max-image-preview:large","max-video-preview":"max-video-preview:-1"},"canonical":"https:\/\/www.vorumaa.eu\/en\/projektid\/keskkonnaprobleemide-teadvustamine\/","og_locale":"en_US","og_type":"article","og_title":"Keskkonnaprobleemide teadvustamine - V\u00f5rumaa S\u00f5prade Selts MT\u00dc - The Society of Friends of V\u00f5rumaa","og_description":"\u00c4ra viska pr\u00fcgi maha. P\u00e4riselt ka! Me ju tahame, et keskkond meie \u00fcmber oleks puhas!? V\u00f5i sa...","og_url":"https:\/\/www.vorumaa.eu\/en\/projektid\/keskkonnaprobleemide-teadvustamine\/","og_site_name":"V\u00f5rumaa S\u00f5prade Selts MT\u00dc - The Society of Friends of V\u00f5rumaa","article_publisher":"https:\/\/www.facebook.com\/vorumaaselts","article_modified_time":"2021-11-28T17:40:05+00:00","og_image":[{"url":"https:\/\/www.vorumaa.eu\/wp-content\/uploads\/2021\/11\/Kuhuviia-Logo-Final-Color12.png","type":"","width":"","height":""}],"twitter_card":"summary_large_image","twitter_site":"@vorumaaselts","twitter_misc":{"Est. reading time":"2 minutes"},"schema":{"@context":"https:\/\/schema.org","@graph":[{"@type":"WebPage","@id":"https:\/\/www.vorumaa.eu\/projektid\/keskkonnaprobleemide-teadvustamine\/","url":"https:\/\/www.vorumaa.eu\/projektid\/keskkonnaprobleemide-teadvustamine\/","name":"Keskkonnaprobleemide teadvustamine - V\u00f5rumaa S\u00f5prade Selts MT\u00dc - The Society of Friends of V\u00f5rumaa","isPartOf":{"@id":"https:\/\/www.vorumaa.eu\/#website"},"primaryImageOfPage":{"@id":"https:\/\/www.vorumaa.eu\/projektid\/keskkonnaprobleemide-teadvustamine\/#primaryimage"},"image":{"@id":"https:\/\/www.vorumaa.eu\/projektid\/keskkonnaprobleemide-teadvustamine\/#primaryimage"},"thumbnailUrl":"https:\/\/www.vorumaa.eu\/wp-content\/uploads\/2021\/11\/Kuhuviia-Logo-Final-Color12.png","datePublished":"2021-11-08T23:59:24+00:00","dateModified":"2021-11-28T17:40:05+00:00","breadcrumb":{"@id":"https:\/\/www.vorumaa.eu\/projektid\/keskkonnaprobleemide-teadvustamine\/#breadcrumb"},"inLanguage":"en-US","potentialAction":[{"@type":"ReadAction","target":["https:\/\/www.vorumaa.eu\/projektid\/keskkonnaprobleemide-teadvustamine\/"]}]},{"@type":"ImageObject","inLanguage":"en-US","@id":"https:\/\/www.vorumaa.eu\/projektid\/keskkonnaprobleemide-teadvustamine\/#primaryimage","url":"https:\/\/www.vorumaa.eu\/wp-content\/uploads\/2021\/11\/Kuhuviia-Logo-Final-Color12.png","contentUrl":"https:\/\/www.vorumaa.eu\/wp-content\/uploads\/2021\/11\/Kuhuviia-Logo-Final-Color12.png"},{"@type":"BreadcrumbList","@id":"https:\/\/www.vorumaa.eu\/projektid\/keskkonnaprobleemide-teadvustamine\/#breadcrumb","itemListElement":[{"@type":"ListItem","position":1,"name":"Home","item":"https:\/\/www.vorumaa.eu\/"},{"@type":"ListItem","position":2,"name":"Projektid","item":"https:\/\/www.vorumaa.eu\/projektid\/"},{"@type":"ListItem","position":3,"name":"Keskkonnaprobleemide teadvustamine"}]},{"@type":"WebSite","@id":"https:\/\/www.vorumaa.eu\/#website","url":"https:\/\/www.vorumaa.eu\/","name":"V\u00f5rumaa S\u00f5prade Selts MT\u00dc - The Society of Friends of V\u00f5rumaa","description":"Neile, kel hinges on V\u00f5rumaa...","publisher":{"@id":"https:\/\/www.vorumaa.eu\/#organization"},"potentialAction":[{"@type":"SearchAction","target":{"@type":"EntryPoint","urlTemplate":"https:\/\/www.vorumaa.eu\/?s={search_term_string}"},"query-input":{"@type":"PropertyValueSpecification","valueRequired":true,"valueName":"search_term_string"}}],"inLanguage":"en-US"},{"@type":"Organization","@id":"https:\/\/www.vorumaa.eu\/#organization","name":"V\u00f5rumaa S\u00f5prade Selts MT\u00dc - The Society of Friends of V\u00f5rumaa","url":"https:\/\/www.vorumaa.eu\/","logo":{"@type":"ImageObject","inLanguage":"en-US","@id":"https:\/\/www.vorumaa.eu\/#\/schema\/logo\/image\/","url":"https:\/\/www.vorumaa.eu\/wp-content\/uploads\/2021\/12\/cropped-VSS-TEMPEL-ROHELINE-KARUGA-11.12.2021.jpg","contentUrl":"https:\/\/www.vorumaa.eu\/wp-content\/uploads\/2021\/12\/cropped-VSS-TEMPEL-ROHELINE-KARUGA-11.12.2021.jpg","width":512,"height":512,"caption":"V\u00f5rumaa S\u00f5prade Selts MT\u00dc - The Society of Friends of V\u00f5rumaa"},"image":{"@id":"https:\/\/www.vorumaa.eu\/#\/schema\/logo\/image\/"},"sameAs":["https:\/\/www.facebook.com\/vorumaaselts","https:\/\/x.com\/vorumaaselts","https:\/\/www.instagram.com\/vorumaaselts"]}]}},"_links":{"self":[{"href":"https:\/\/www.vorumaa.eu\/en\/wp-json\/wp\/v2\/pages\/1946","targetHints":{"allow":["GET"]}}],"collection":[{"href":"https:\/\/www.vorumaa.eu\/en\/wp-json\/wp\/v2\/pages"}],"about":[{"href":"https:\/\/www.vorumaa.eu\/en\/wp-json\/wp\/v2\/types\/page"}],"author":[{"embeddable":true,"href":"https:\/\/www.vorumaa.eu\/en\/wp-json\/wp\/v2\/users\/3"}],"replies":[{"embeddable":true,"href":"https:\/\/www.vorumaa.eu\/en\/wp-json\/wp\/v2\/comments?post=1946"}],"version-history":[{"count":9,"href":"https:\/\/www.vorumaa.eu\/en\/wp-json\/wp\/v2\/pages\/1946\/revisions"}],"predecessor-version":[{"id":1964,"href":"https:\/\/www.vorumaa.eu\/en\/wp-json\/wp\/v2\/pages\/1946\/revisions\/1964"}],"up":[{"embeddable":true,"href":"https:\/\/www.vorumaa.eu\/en\/wp-json\/wp\/v2\/pages\/344"}],"wp:attachment":[{"href":"https:\/\/www.vorumaa.eu\/en\/wp-json\/wp\/v2\/media?parent=1946"}],"curies":[{"name":"wp","href":"https:\/\/api.w.org\/{rel}","templated":true}]}}